{"id":2,"date":"2025-05-12T15:40:44","date_gmt":"2025-05-12T18:40:44","guid":{"rendered":"http:\/\/labpets.com.br\/?page_id=2"},"modified":"2025-05-16T21:20:34","modified_gmt":"2025-05-17T00:20:34","slug":"pagina-exemplo","status":"publish","type":"page","link":"http:\/\/labpets.com.br\/?page_id=2","title":{"rendered":"Nossa Hist\u00f3ria"},"content":{"rendered":"\n<p>Somos um Centro Diagn\u00f3stico Veterin\u00e1rio, atuando desde 2012 em an\u00e1lises cl\u00ednicas de pequenos animais e animais silvestres.<br>Temos como respons\u00e1vel t\u00e9cnica e Patologista Hematologista a <strong>Dra. Fernanda Henriques<\/strong> , formada em Medicina Veterin\u00e1ria pela Universidade Paulista UNIP, com mais de 10 anos de experi\u00eancia profissional.<br><br>P\u00f3s graduada em Patologia cl\u00ednica, Hematologia e Imunologia, com cursos de especializa\u00e7\u00e3o em patologia de animais silvestres e manejo integrativo.<\/p>\n\n\n\n<p>Respons\u00e1vel pelo setor de coletas, <strong>Dra, Fernanda<\/strong>, com experi\u00eancia em manejo integrativo tem como principal objetivo realizar todos procedimentos com menor estresse poss\u00edvel para os pacientes, deixando o ambiente seguro e confort\u00e1vel para animais e tutores. Podendo realizar coleta com maior tranquilidade e qualidade do exame a ser realizado.<br><br>Contamos com parceiros especializados nas \u00e1reas de Microbiologia e Anatomia Patol\u00f3gica, auxiliando nossos colegas cl\u00ednicos veterin\u00e1rios em casos mais complexos.<br><br>Disponibilizamos exames de imagem: Radiografia, ultrassonografia. eletrocardiograma, ecocardiograma, exames dermatol\u00f3gicos e oftalmol\u00f3gicos.<br><br>Oferecemos atendimentos de especialidades com hor\u00e1rios agendados nas \u00e1reas de : cardiologia, oftalmologia, endocrinologia, dermatologia, nutrologia, gastroenterologia, fisioterapia e acupuntura.<br><br><strong>Vantagens dos nossos parceiros veterin\u00e1rios:<\/strong> Oferecemos tabela de valores especiais para veterin\u00e1rios, buscamos amostras nas cl\u00ednicas conveniadas e atendemos veterin\u00e1rios que trabalham a domicilio.<\/p>\n","protected":false},"excerpt":{"rendered":"<p>Somos um Centro Diagn\u00f3stico Veterin\u00e1rio, atuando desde 2012 em an\u00e1lises cl\u00ednicas de pequenos animais e animais silvestres.Temos como respons\u00e1vel t\u00e9cnica e Patologista Hematologista a Dra. Fernanda Henriques , formada em Medicina Veterin\u00e1ria pela Universidade Paulista UNIP, com mais de 10 anos de experi\u00eancia profissional. P\u00f3s graduada em Patologia cl\u00ednica, Hematologia e Imunologia, com cursos de especializa\u00e7\u00e3o em patologia de animais silvestres e manejo integrativo. Respons\u00e1vel pelo setor de coletas, Dra, Fernanda, com experi\u00eancia em manejo integrativo tem como principal objetivo realizar todos procedimentos com menor estresse poss\u00edvel para os pacientes, deixando o ambiente seguro e confort\u00e1vel para animais e tutores&#8230;. <\/p>\n","protected":false},"author":1,"featured_media":0,"parent":0,"menu_order":0,"comment_status":"closed","ping_status":"closed","template":"","meta":{"footnotes":""},"class_list":["post-2","page","type-page","status-publish","hentry"],"_links":{"self":[{"href":"http:\/\/labpets.com.br\/index.php?rest_route=\/wp\/v2\/pages\/2","targetHints":{"allow":["GET"]}}],"collection":[{"href":"http:\/\/labpets.com.br\/index.php?rest_route=\/wp\/v2\/pages"}],"about":[{"href":"http:\/\/labpets.com.br\/index.php?rest_route=\/wp\/v2\/types\/page"}],"author":[{"embeddable":true,"href":"http:\/\/labpets.com.br\/index.php?rest_route=\/wp\/v2\/users\/1"}],"replies":[{"embeddable":true,"href":"http:\/\/labpets.com.br\/index.php?rest_route=%2Fwp%2Fv2%2Fcomments&post=2"}],"version-history":[{"count":3,"href":"http:\/\/labpets.com.br\/index.php?rest_route=\/wp\/v2\/pages\/2\/revisions"}],"predecessor-version":[{"id":106,"href":"http:\/\/labpets.com.br\/index.php?rest_route=\/wp\/v2\/pages\/2\/revisions\/106"}],"wp:attachment":[{"href":"http:\/\/labpets.com.br\/index.php?rest_route=%2Fwp%2Fv2%2Fmedia&parent=2"}],"curies":[{"name":"wp","href":"https:\/\/api.w.org\/{rel}","templated":true}]}}