{"id":122,"date":"2025-05-16T22:23:09","date_gmt":"2025-05-17T01:23:09","guid":{"rendered":"http:\/\/labpets.com.br\/?page_id=122"},"modified":"2025-05-16T22:28:45","modified_gmt":"2025-05-17T01:28:45","slug":"nossos-servicos","status":"publish","type":"page","link":"http:\/\/labpets.com.br\/?page_id=122","title":{"rendered":"Nossos Servi\u00e7os"},"content":{"rendered":"\n<p><strong>HEMATOLOGIA E BIOQU\u00cdMICA<\/strong><br>Realizamos exames de hematologia com precis\u00e3o e agilidade para melhor diagn\u00f3stico e suporte no tratamento cl\u00ednico, nossos hemogramas s\u00e3o realizados por patologistas individualmente com leitura de l\u00e2mina manual. <br>O hemograma \u00e9 o maior aux\u00edlio veterin\u00e1rio para detectar doen\u00e7as como anemias, infec\u00e7\u00f5es, leucemias, doen\u00e7as virais e altera\u00e7\u00f5es do sistema imunol\u00f3gico.<br>Tamb\u00e9m realizamos check up visando a Medicina Veterin\u00e1ria Preventiva. Oferecemos mais de 40 testes bioqu\u00edmicos para avalia\u00e7\u00e3o dos rins, f\u00edgado, p\u00e2ncreas e ouras altera\u00e7\u00f5es importantes na medicina veterin\u00e1ria.<br><br><strong>PARASITOLOGIA E URIN\u00c1LISE<\/strong><br>Realizamos exames completos de parasitologia auxiliando os veterin\u00e1rios cl\u00ednicos em doen\u00e7as gastrointestinais, controle parasitol\u00f3gico de creches e hot\u00e9is, mantendo controle e sa\u00fade dos pets. <br>Os exames de urina e parasitologia s\u00e3o realizados em at\u00e9 24h para evitar erros de an\u00e1lise por tempo prolongado e melhor avalia\u00e7\u00e3o diagn\u00f3stica.<br>Os coletores de armazenamento podem ser retirados em nossa unidade ou conforme orienta\u00e7\u00e3o veterin\u00e1ria.<\/p>\n\n\n\n<p><strong>CITOLOGIA E MICROBIOLOGIA<\/strong><br>Contamos com veterin\u00e1rios parceiros nas \u00e1reas de citologia e microbiologia para melhor avalia\u00e7\u00e3o das amostras recebidas, realizamos coletas de pele , urina , amostras de secre\u00e7\u00f5es, l\u00edquidos cavit\u00e1rios, neoforma\u00e7\u00f5es e n\u00f3dulos em geral.<br>Resultados em menor tempo para agilizar procedimentos cir\u00fargicos necess\u00e1rios e an\u00e1lises histopatol\u00f3gicas para melhor acompanhamento oncol\u00f3gico.<\/p>\n\n\n\n<p><strong>HORMONAIS E PCR<\/strong><br>Realizamos diversos testes sorol\u00f3gicos e PCR para aux\u00edlio diagn\u00f3stico em doen\u00e7as virais como FIV e Felv, Cinomose, Parvovirose, Titula\u00e7\u00e3o para erlichia, dentre outros.<br>Realizamos testes para Giardia sp e titula\u00e7\u00e3o de anticorpos vacinais VACCICHECK.<\/p>\n\n\n\n<p><strong>IMAGEM E ESPECIALIDADE<\/strong><br>Disponibilizamos exames de imagem para melhor avalia\u00e7\u00e3o de estruturas internas, com suporte de profissionais das \u00e1reas de cardiologia e radiologia. Realizamos exames de RX, ultrassom abdominal, ecocardiograma, eletrocardiograma, exames oftalmol\u00f3gicos, exames dermatol\u00f3gicos e endoscopias. Contamos com especialistas experientes nas \u00e1reas de Cardiologia, Oftamologia, Gastroenterologia, Endocrinologia, Nutrologia, Dermatologia, Hematologia, Ortopedia, Pediatria, Fisioterapia, Ozonioterapia, Acupuntura e Medicina Veterin\u00e1ria Integrativa.<\/p>\n\n\n\n<p><strong>ATENDIMENTO DOMICILIAR<\/strong><br>Realizamos atendimento domiciliar para realiza\u00e7\u00e3o de coletas de exames laboratoriais, ultrassom abdominal, Check up Preventivo, aplica\u00e7\u00e3o de vacinas e atestados de sa\u00fade.<br>Contamos com equipe especializada que faz atendimento com muito carinho e cuidado para melhor aceita\u00e7\u00e3o dos pets e maior comodidade para o tutor, evitando situa\u00e7\u00f5es de estresse no transporte.<br>Nossa equipe domiciliar \u00e9 formada por: <br><strong>Dra. Fernanda<\/strong> m\u00e9dica veterin\u00e1ria patologista com experi\u00eancia em coletas de sangue;<br><strong>Dra. B\u00e1rbara<\/strong> e <strong>Dra. Jeniffer<\/strong> especialistas em atendimento cl\u00ednico e domiciliar;<br><strong>Dra. Cleia<\/strong> especialistas em felinos;<br><strong>Dra. Milena<\/strong> especialista em animais silvestres;<br><strong>Dra. Pietra<\/strong> e <strong>Dra. J\u00e9ssica<\/strong> especialistas em ultrassonografia.<br><br>Atendemos com hor\u00e1rios agendados atrav\u00e9s do nosso whatsapp. Entre em contato<\/p>\n","protected":false},"excerpt":{"rendered":"<p>HEMATOLOGIA E BIOQU\u00cdMICARealizamos exames de hematologia com precis\u00e3o e agilidade para melhor diagn\u00f3stico e suporte no tratamento cl\u00ednico, nossos hemogramas s\u00e3o realizados por patologistas individualmente com leitura de l\u00e2mina manual. O hemograma \u00e9 o maior aux\u00edlio veterin\u00e1rio para detectar doen\u00e7as como anemias, infec\u00e7\u00f5es, leucemias, doen\u00e7as virais e altera\u00e7\u00f5es do sistema imunol\u00f3gico.Tamb\u00e9m realizamos check up visando a Medicina Veterin\u00e1ria Preventiva. Oferecemos mais de 40 testes bioqu\u00edmicos para avalia\u00e7\u00e3o dos rins, f\u00edgado, p\u00e2ncreas e ouras altera\u00e7\u00f5es importantes na medicina veterin\u00e1ria. PARASITOLOGIA E URIN\u00c1LISERealizamos exames completos de parasitologia auxiliando os veterin\u00e1rios cl\u00ednicos em doen\u00e7as gastrointestinais, controle parasitol\u00f3gico de creches e hot\u00e9is, mantendo controle&#8230; <\/p>\n","protected":false},"author":1,"featured_media":0,"parent":0,"menu_order":0,"comment_status":"closed","ping_status":"closed","template":"","meta":{"footnotes":""},"class_list":["post-122","page","type-page","status-publish","hentry"],"_links":{"self":[{"href":"http:\/\/labpets.com.br\/index.php?rest_route=\/wp\/v2\/pages\/122","targetHints":{"allow":["GET"]}}],"collection":[{"href":"http:\/\/labpets.com.br\/index.php?rest_route=\/wp\/v2\/pages"}],"about":[{"href":"http:\/\/labpets.com.br\/index.php?rest_route=\/wp\/v2\/types\/page"}],"author":[{"embeddable":true,"href":"http:\/\/labpets.com.br\/index.php?rest_route=\/wp\/v2\/users\/1"}],"replies":[{"embeddable":true,"href":"http:\/\/labpets.com.br\/index.php?rest_route=%2Fwp%2Fv2%2Fcomments&post=122"}],"version-history":[{"count":3,"href":"http:\/\/labpets.com.br\/index.php?rest_route=\/wp\/v2\/pages\/122\/revisions"}],"predecessor-version":[{"id":125,"href":"http:\/\/labpets.com.br\/index.php?rest_route=\/wp\/v2\/pages\/122\/revisions\/125"}],"wp:attachment":[{"href":"http:\/\/labpets.com.br\/index.php?rest_route=%2Fwp%2Fv2%2Fmedia&parent=122"}],"curies":[{"name":"wp","href":"https:\/\/api.w.org\/{rel}","templated":true}]}}